{"id":1421,"date":"2025-07-24T15:57:38","date_gmt":"2025-07-24T15:57:38","guid":{"rendered":"https:\/\/henkohouse.com\/?page_id=1421"},"modified":"2025-12-03T08:24:32","modified_gmt":"2025-12-03T08:24:32","slug":"condicions-enviament","status":"publish","type":"page","link":"https:\/\/henkohouse.com\/index.php\/condicions-enviament\/","title":{"rendered":"condicions enviament"},"content":{"rendered":"\n<div class=\"wp-block-columns is-layout-flex wp-container-core-columns-is-layout-7387b849 wp-block-columns-is-layout-flex\">\n<div class=\"wp-block-column is-layout-flow wp-block-column-is-layout-flow\">\n<div class=\"wp-block-columns is-layout-flex wp-container-core-columns-is-layout-7387b849 wp-block-columns-is-layout-flex\">\n<div class=\"wp-block-column is-layout-flow wp-block-column-is-layout-flow\" style=\"flex-basis:15%\"><\/div>\n\n\n\n<div class=\"wp-block-column is-layout-flow wp-block-column-is-layout-flow\" style=\"font-size:clamp(14px, 0.875rem + ((1vw - 3.2px) * 0.435), 18px);flex-basis:70%\">\n<h2 class=\"wp-block-heading\">Condicions generals de contractaci\u00f3<\/h2>\n\n\n\n<p class=\"wp-block-paragraph\"><strong>ENVIAMENTS I TERMINIS<\/strong><\/p>\n\n\n\n<p class=\"wp-block-paragraph\">Realitzem enviaments a tot el territori nacional (incloent Balears i Can\u00e0ries). Tamb\u00e9 podem gestionar enviaments internacionals a petici\u00f3, contactant pr\u00e8viament amb nosaltres a trav\u00e9s del correu electr\u00f2nic.<\/p>\n\n\n\n<p class=\"wp-block-paragraph\">Els nostres productes s\u2019enviaran degudament protegits per garantir-ne la seguretat durant el transport.<br><\/p>\n\n\n\n<ol class=\"wp-block-list\">\n<li><strong>Terminis de lliurament<\/strong><\/li>\n<\/ol>\n\n\n\n<ul class=\"wp-block-list\">\n<li><strong>Productes en estoc<\/strong>: Lliurament entre&nbsp;<strong>3 i 5 dies laborables<\/strong>.<\/li>\n\n\n\n<li><strong>Productes personalitzats o sota comanda<\/strong>: El termini pot variar entre&nbsp;<strong>7 i 15 dies laborables<\/strong>, segons el proc\u00e9s de fabricaci\u00f3 artesanal. En cas de demora, informarem el client via correu electr\u00f2nic.<\/li>\n<\/ul>\n\n\n\n<p class=\"wp-block-paragraph\">Els enviaments es fan mitjan\u00e7ant empreses de missatgeria de confian\u00e7a com ara Correos Express, MRW o equivalents, amb n\u00famero de seguiment disponible.<\/p>\n\n\n\n<p class=\"wp-block-paragraph\">2. <strong>Despeses d\u2019enviament<\/strong><\/p>\n\n\n\n<ul class=\"wp-block-list\">\n<li>Les despeses d\u2019enviament corren a cost del comprador<\/li>\n\n\n\n<li>Enviament gratu\u00eft per comandes superiors a&nbsp;<strong>160\u20ac<\/strong><\/li>\n<\/ul>\n\n\n\n<p class=\"wp-block-paragraph\">3. <strong>Incid\u00e8ncies o retards<\/strong><\/p>\n\n\n\n<p class=\"wp-block-paragraph\">En cas que es produeixi algun retard o incid\u00e8ncia amb l\u2019enviament, contacta amb nosaltres a [<a href=\"https:\/\/henkohouse.com\/index.php\/condicions-generals-de-contractacio\/compres@henkohouse.com\">el nostre correu<\/a>&nbsp;o per WhatsApp 620 28 08 66 amb la refer\u00e8ncia del enviament i ho gestionarem amb la m\u00e0xima prioritat.<\/p>\n\n\n\n<div style=\"height:100px\" aria-hidden=\"true\" class=\"wp-block-spacer\"><\/div>\n<\/div>\n<\/div>\n<\/div>\n<\/div>\n","protected":false},"excerpt":{"rendered":"<p>Condicions generals de contractaci\u00f3 ENVIAMENTS I TERMINIS Realitzem enviaments a tot el territori nacional (incloent Balears i Can\u00e0ries). Tamb\u00e9 podem gestionar enviaments internacionals a petici\u00f3, contactant pr\u00e8viament amb nosaltres a trav\u00e9s del correu electr\u00f2nic. Els nostres productes s\u2019enviaran degudament protegits per garantir-ne la seguretat durant el transport. Els enviaments es fan mitjan\u00e7ant empreses de missatgeria [&hellip;]<\/p>\n","protected":false},"author":1,"featured_media":0,"parent":0,"menu_order":0,"comment_status":"closed","ping_status":"closed","template":"","meta":{"_crdt_document":"","footnotes":""},"class_list":["post-1421","page","type-page","status-publish","hentry"],"yoast_head":"<!-- This site is optimized with the Yoast SEO plugin v27.2 - https:\/\/yoast.com\/product\/yoast-seo-wordpress\/ -->\n<title>condicions enviament - HENKO HOUSE<\/title>\n<meta name=\"robots\" content=\"index, follow, max-snippet:-1, max-image-preview:large, max-video-preview:-1\" \/>\n<link rel=\"canonical\" href=\"https:\/\/henkohouse.com\/index.php\/condicions-enviament\/\" \/>\n<meta property=\"og:locale\" content=\"ca_ES\" \/>\n<meta property=\"og:type\" content=\"article\" \/>\n<meta property=\"og:title\" content=\"condicions enviament - HENKO HOUSE\" \/>\n<meta property=\"og:description\" content=\"Condicions generals de contractaci\u00f3 ENVIAMENTS I TERMINIS Realitzem enviaments a tot el territori nacional (incloent Balears i Can\u00e0ries). Tamb\u00e9 podem gestionar enviaments internacionals a petici\u00f3, contactant pr\u00e8viament amb nosaltres a trav\u00e9s del correu electr\u00f2nic. Els nostres productes s\u2019enviaran degudament protegits per garantir-ne la seguretat durant el transport. Els enviaments es fan mitjan\u00e7ant empreses de missatgeria [&hellip;]\" \/>\n<meta property=\"og:url\" content=\"https:\/\/henkohouse.com\/index.php\/condicions-enviament\/\" \/>\n<meta property=\"og:site_name\" content=\"HENKO HOUSE\" \/>\n<meta property=\"article:modified_time\" content=\"2025-12-03T08:24:32+00:00\" \/>\n<meta name=\"twitter:card\" content=\"summary_large_image\" \/>\n<meta name=\"twitter:label1\" content=\"Temps estimat de lectura\" \/>\n\t<meta name=\"twitter:data1\" content=\"1 minut\" \/>\n<script type=\"application\/ld+json\" class=\"yoast-schema-graph\">{\"@context\":\"https:\/\/schema.org\",\"@graph\":[{\"@type\":\"WebPage\",\"@id\":\"https:\/\/henkohouse.com\/index.php\/condicions-enviament\/\",\"url\":\"https:\/\/henkohouse.com\/index.php\/condicions-enviament\/\",\"name\":\"condicions enviament - HENKO HOUSE\",\"isPartOf\":{\"@id\":\"https:\/\/henkohouse.com\/#website\"},\"datePublished\":\"2025-07-24T15:57:38+00:00\",\"dateModified\":\"2025-12-03T08:24:32+00:00\",\"breadcrumb\":{\"@id\":\"https:\/\/henkohouse.com\/index.php\/condicions-enviament\/#breadcrumb\"},\"inLanguage\":\"ca\",\"potentialAction\":[{\"@type\":\"ReadAction\",\"target\":[\"https:\/\/henkohouse.com\/index.php\/condicions-enviament\/\"]}]},{\"@type\":\"BreadcrumbList\",\"@id\":\"https:\/\/henkohouse.com\/index.php\/condicions-enviament\/#breadcrumb\",\"itemListElement\":[{\"@type\":\"ListItem\",\"position\":1,\"name\":\"Portada\",\"item\":\"https:\/\/henkohouse.com\/\"},{\"@type\":\"ListItem\",\"position\":2,\"name\":\"condicions enviament\"}]},{\"@type\":\"WebSite\",\"@id\":\"https:\/\/henkohouse.com\/#website\",\"url\":\"https:\/\/henkohouse.com\/\",\"name\":\"HENKOHOUSE\",\"description\":\"Urnes docoratives per a cendres\",\"publisher\":{\"@id\":\"https:\/\/henkohouse.com\/#organization\"},\"potentialAction\":[{\"@type\":\"SearchAction\",\"target\":{\"@type\":\"EntryPoint\",\"urlTemplate\":\"https:\/\/henkohouse.com\/?s={search_term_string}\"},\"query-input\":{\"@type\":\"PropertyValueSpecification\",\"valueRequired\":true,\"valueName\":\"search_term_string\"}}],\"inLanguage\":\"ca\"},{\"@type\":\"Organization\",\"@id\":\"https:\/\/henkohouse.com\/#organization\",\"name\":\"HENKOHOUSE\",\"url\":\"https:\/\/henkohouse.com\/\",\"logo\":{\"@type\":\"ImageObject\",\"inLanguage\":\"ca\",\"@id\":\"https:\/\/henkohouse.com\/#\/schema\/logo\/image\/\",\"url\":\"https:\/\/henkohouse.com\/wp-content\/uploads\/2025\/03\/cropped-LOGOBLAU.png\",\"contentUrl\":\"https:\/\/henkohouse.com\/wp-content\/uploads\/2025\/03\/cropped-LOGOBLAU.png\",\"width\":512,\"height\":512,\"caption\":\"HENKOHOUSE\"},\"image\":{\"@id\":\"https:\/\/henkohouse.com\/#\/schema\/logo\/image\/\"},\"sameAs\":[\"https:\/\/www.instagram.com\/henkohouse\/\"]}]}<\/script>\n<!-- \/ Yoast SEO plugin. -->","yoast_head_json":{"title":"condicions enviament - HENKO HOUSE","robots":{"index":"index","follow":"follow","max-snippet":"max-snippet:-1","max-image-preview":"max-image-preview:large","max-video-preview":"max-video-preview:-1"},"canonical":"https:\/\/henkohouse.com\/index.php\/condicions-enviament\/","og_locale":"ca_ES","og_type":"article","og_title":"condicions enviament - HENKO HOUSE","og_description":"Condicions generals de contractaci\u00f3 ENVIAMENTS I TERMINIS Realitzem enviaments a tot el territori nacional (incloent Balears i Can\u00e0ries). Tamb\u00e9 podem gestionar enviaments internacionals a petici\u00f3, contactant pr\u00e8viament amb nosaltres a trav\u00e9s del correu electr\u00f2nic. Els nostres productes s\u2019enviaran degudament protegits per garantir-ne la seguretat durant el transport. Els enviaments es fan mitjan\u00e7ant empreses de missatgeria [&hellip;]","og_url":"https:\/\/henkohouse.com\/index.php\/condicions-enviament\/","og_site_name":"HENKO HOUSE","article_modified_time":"2025-12-03T08:24:32+00:00","twitter_card":"summary_large_image","twitter_misc":{"Temps estimat de lectura":"1 minut"},"schema":{"@context":"https:\/\/schema.org","@graph":[{"@type":"WebPage","@id":"https:\/\/henkohouse.com\/index.php\/condicions-enviament\/","url":"https:\/\/henkohouse.com\/index.php\/condicions-enviament\/","name":"condicions enviament - HENKO HOUSE","isPartOf":{"@id":"https:\/\/henkohouse.com\/#website"},"datePublished":"2025-07-24T15:57:38+00:00","dateModified":"2025-12-03T08:24:32+00:00","breadcrumb":{"@id":"https:\/\/henkohouse.com\/index.php\/condicions-enviament\/#breadcrumb"},"inLanguage":"ca","potentialAction":[{"@type":"ReadAction","target":["https:\/\/henkohouse.com\/index.php\/condicions-enviament\/"]}]},{"@type":"BreadcrumbList","@id":"https:\/\/henkohouse.com\/index.php\/condicions-enviament\/#breadcrumb","itemListElement":[{"@type":"ListItem","position":1,"name":"Portada","item":"https:\/\/henkohouse.com\/"},{"@type":"ListItem","position":2,"name":"condicions enviament"}]},{"@type":"WebSite","@id":"https:\/\/henkohouse.com\/#website","url":"https:\/\/henkohouse.com\/","name":"HENKOHOUSE","description":"Urnes docoratives per a cendres","publisher":{"@id":"https:\/\/henkohouse.com\/#organization"},"potentialAction":[{"@type":"SearchAction","target":{"@type":"EntryPoint","urlTemplate":"https:\/\/henkohouse.com\/?s={search_term_string}"},"query-input":{"@type":"PropertyValueSpecification","valueRequired":true,"valueName":"search_term_string"}}],"inLanguage":"ca"},{"@type":"Organization","@id":"https:\/\/henkohouse.com\/#organization","name":"HENKOHOUSE","url":"https:\/\/henkohouse.com\/","logo":{"@type":"ImageObject","inLanguage":"ca","@id":"https:\/\/henkohouse.com\/#\/schema\/logo\/image\/","url":"https:\/\/henkohouse.com\/wp-content\/uploads\/2025\/03\/cropped-LOGOBLAU.png","contentUrl":"https:\/\/henkohouse.com\/wp-content\/uploads\/2025\/03\/cropped-LOGOBLAU.png","width":512,"height":512,"caption":"HENKOHOUSE"},"image":{"@id":"https:\/\/henkohouse.com\/#\/schema\/logo\/image\/"},"sameAs":["https:\/\/www.instagram.com\/henkohouse\/"]}]}},"jetpack_sharing_enabled":true,"jetpack_shortlink":"https:\/\/wp.me\/PgTHyg-mV","_links":{"self":[{"href":"https:\/\/henkohouse.com\/index.php\/wp-json\/wp\/v2\/pages\/1421","targetHints":{"allow":["GET"]}}],"collection":[{"href":"https:\/\/henkohouse.com\/index.php\/wp-json\/wp\/v2\/pages"}],"about":[{"href":"https:\/\/henkohouse.com\/index.php\/wp-json\/wp\/v2\/types\/page"}],"author":[{"embeddable":true,"href":"https:\/\/henkohouse.com\/index.php\/wp-json\/wp\/v2\/users\/1"}],"replies":[{"embeddable":true,"href":"https:\/\/henkohouse.com\/index.php\/wp-json\/wp\/v2\/comments?post=1421"}],"version-history":[{"count":5,"href":"https:\/\/henkohouse.com\/index.php\/wp-json\/wp\/v2\/pages\/1421\/revisions"}],"predecessor-version":[{"id":2135,"href":"https:\/\/henkohouse.com\/index.php\/wp-json\/wp\/v2\/pages\/1421\/revisions\/2135"}],"wp:attachment":[{"href":"https:\/\/henkohouse.com\/index.php\/wp-json\/wp\/v2\/media?parent=1421"}],"curies":[{"name":"wp","href":"https:\/\/api.w.org\/{rel}","templated":true}]}}